{"id":179,"date":"2020-07-21T14:11:49","date_gmt":"2020-07-21T14:11:49","guid":{"rendered":"https:\/\/dentalcare.divifixer.com\/?page_id=36"},"modified":"2025-10-27T18:42:21","modified_gmt":"2025-10-27T17:42:21","slug":"blog","status":"publish","type":"page","link":"https:\/\/glowdent.ba\/de\/blog\/","title":{"rendered":"Blog"},"content":{"rendered":"<p>[et_pb_section fb_built=&#8221;1&#8221; custom_padding_last_edited=&#8221;on|tablet&#8221; _builder_version=&#8221;4.27.4&#8221; _module_preset=&#8221;default&#8221; background_color=&#8221;rgba(255,255,255,0.81)&#8221; background_image=&#8221;https:\/\/glowdent.ba\/wp-content\/uploads\/2025\/02\/FullDentordinacija-94JPG.jpg&#8221; background_blend=&#8221;overlay&#8221; custom_padding=&#8221;||0px|||&#8221; custom_padding_tablet=&#8221;0px||0px||true|false&#8221; custom_padding_phone=&#8221;&#8221; global_colors_info=&#8221;{}&#8221;][et_pb_row use_custom_gutter=&#8221;on&#8221; make_equal=&#8221;on&#8221; _builder_version=&#8221;4.27.4&#8221; _module_preset=&#8221;default&#8221; max_width=&#8221;1200px&#8221; custom_padding=&#8221;||0px|||&#8221; global_colors_info=&#8221;{}&#8221;][et_pb_column type=&#8221;4_4&#8221; _builder_version=&#8221;4.16&#8221; _module_preset=&#8221;default&#8221; global_colors_info=&#8221;{}&#8221; custom_css_main_element_last_edited=&#8221;on|phone&#8221; custom_css_main_element_tablet=&#8221;padding-bottom:10px;&#8221; custom_css_main_element_phone=&#8221;margin-bottom:0px;&#8221;][et_pb_text _builder_version=&#8221;4.27.4&#8221; _module_preset=&#8221;020b907f-3824-4cde-9bfc-199ac70a11cd&#8221; text_font=&#8221;|||on|||||&#8221; text_text_color=&#8221;#CAB06A&#8221; text_font_size=&#8221;18px&#8221; text_letter_spacing=&#8221;1px&#8221; link_font=&#8221;||||||||&#8221; ul_font=&#8221;||||||||&#8221; ol_font=&#8221;||||||||&#8221; quote_font=&#8221;||||||||&#8221; header_font=&#8221;||||||||&#8221; header_2_font=&#8221;||||||||&#8221; header_3_font=&#8221;||||||||&#8221; header_4_font=&#8221;||||||||&#8221; header_5_font=&#8221;||||||||&#8221; header_6_font=&#8221;||||||||&#8221; custom_margin=&#8221;||15px||false|false&#8221; custom_margin_tablet=&#8221;||10px||false|false&#8221; custom_margin_phone=&#8221;||5px||false|false&#8221; custom_margin_last_edited=&#8221;on|desktop&#8221; text_font_size_tablet=&#8221;15px&#8221; text_font_size_phone=&#8221;&#8221; text_font_size_last_edited=&#8221;on|phone&#8221; text_orientation_tablet=&#8221;center&#8221; text_orientation_phone=&#8221;&#8221; text_orientation_last_edited=&#8221;on|tablet&#8221; global_colors_info=&#8221;{}&#8221;]<\/p>\n<p>NA\u0160I SAVJETI<\/p>\n<p>[\/et_pb_text][et_pb_text _builder_version=&#8221;4.27.4&#8221; _module_preset=&#8221;c5e1c558-cbbf-4f46-917f-13388175cc27&#8221; text_font=&#8221;||||||||&#8221; text_font_size=&#8221;16px&#8221; text_line_height=&#8221;28px&#8221; link_font=&#8221;||||||||&#8221; ul_font=&#8221;||||||||&#8221; ol_font=&#8221;||||||||&#8221; quote_font=&#8221;||||||||&#8221; header_font=&#8221;||||||||&#8221; header_2_font=&#8221;|700|||||||&#8221; header_2_text_color=&#8221;#58595b&#8221; header_2_font_size=&#8221;50px&#8221; header_3_font=&#8221;||||||||&#8221; header_4_font=&#8221;|700|||||||&#8221; header_4_text_color=&#8221;#58595b&#8221; header_4_font_size=&#8221;50px&#8221; header_5_font=&#8221;||||||||&#8221; header_6_font=&#8221;||||||||&#8221; custom_margin_tablet=&#8221;||0px||false|false&#8221; custom_margin_phone=&#8221;||0px||false|false&#8221; custom_margin_last_edited=&#8221;on|phone&#8221; custom_padding=&#8221;||30px||false|false&#8221; header_2_font_size_tablet=&#8221;40px&#8221; header_2_font_size_phone=&#8221;35px&#8221; header_2_font_size_last_edited=&#8221;on|phone&#8221; header_2_line_height_tablet=&#8221;40px&#8221; header_2_line_height_phone=&#8221;40px&#8221; header_2_line_height_last_edited=&#8221;on|tablet&#8221; header_4_font_size_tablet=&#8221;40px&#8221; header_4_font_size_phone=&#8221;35px&#8221; header_4_font_size_last_edited=&#8221;on|phone&#8221; header_4_line_height_tablet=&#8221;40px&#8221; header_4_line_height_phone=&#8221;40px&#8221; header_4_line_height_last_edited=&#8221;on|tablet&#8221; text_orientation_tablet=&#8221;center&#8221; text_orientation_phone=&#8221;&#8221; text_orientation_last_edited=&#8221;on|phone&#8221; global_colors_info=&#8221;{}&#8221;]<\/p>\n<h2>Sve \u0161to trebate znati o oralnom zdravlju<\/h2>\n<p>Ostanite informisani o najnovijim dostignu\u0107ima u stomatologiji, savjetima za njegu zuba i vijestima iz na\u0161e ordinacije. Na\u0161i stru\u010dnjaci dijele korisne informacije, odgovaraju na va\u0161a pitanja i obja\u0161njavaju inovativne tretmane koji unapre\u0111uju dentalno zdravlje.<\/p>\n<p>[\/et_pb_text][\/et_pb_column][\/et_pb_row][\/et_pb_section][et_pb_section fb_built=&#8221;1&#8221; _builder_version=&#8221;4.16&#8221; _module_preset=&#8221;default&#8221; global_colors_info=&#8221;{}&#8221;][et_pb_row use_custom_gutter=&#8221;on&#8221; gutter_width=&#8221;2&#8221; make_equal=&#8221;on&#8221; _builder_version=&#8221;4.16&#8221; _module_preset=&#8221;default&#8221; width=&#8221;90%&#8221; max_width=&#8221;1170px&#8221; custom_padding=&#8221;0px||0px||true|false&#8221; global_colors_info=&#8221;{}&#8221;][et_pb_column type=&#8221;4_4&#8221; _builder_version=&#8221;4.16&#8221; _module_preset=&#8221;default&#8221; global_colors_info=&#8221;{}&#8221;][et_pb_blog fullwidth=&#8221;off&#8221; excerpt_length=&#8221;110&#8221; show_more=&#8221;on&#8221; show_author=&#8221;off&#8221; show_categories=&#8221;off&#8221; show_pagination=&#8221;off&#8221; use_overlay=&#8221;on&#8221; overlay_icon_color=&#8221;#ffffff&#8221; hover_overlay_color=&#8221;rgba(202,176,106,0.7)&#8221; hover_icon=&#8221;&#x5c;||divi||400&#8221; _builder_version=&#8221;4.27.4&#8221; _module_preset=&#8221;default&#8221; header_font=&#8221;|700|||||||&#8221; header_text_color=&#8221;#58595b&#8221; header_font_size=&#8221;20px&#8221; header_line_height=&#8221;30px&#8221; meta_text_color=&#8221;#000000&#8221; read_more_font=&#8221;|||on|||||&#8221; custom_css_read_more=&#8221;background-color: #cab06a;||color: #ffffff;padding-top: 15px !important;||padding :5px 15px 3px !important;||margin-top: 20px;||position: relative;||display: inline-block;||border-radius:30px;&#8221; border_radii=&#8221;on|30px|30px|30px|30px&#8221; box_shadow_style=&#8221;preset1&#8221; global_colors_info=&#8221;{}&#8221; custom_css_read_more__hover_enabled=&#8221;on|desktop&#8221; custom_css_read_more__hover=&#8221;background-position: 99% 0;||text-shadow: 0 1px 2px rgba(34,34,34,.2);||background-color: #58595b;&#8221;][\/et_pb_blog][\/et_pb_column][\/et_pb_row][\/et_pb_section]<\/p>\n","protected":false},"excerpt":{"rendered":"<p>NA\u0160I SAVJETISve \u0161to trebate znati o oralnom zdravlju Ostanite informisani o najnovijim dostignu\u0107ima u stomatologiji, savjetima za njegu zuba i vijestima iz na\u0161e ordinacije. Na\u0161i stru\u010dnjaci dijele korisne informacije, odgovaraju na va\u0161a pitanja i obja\u0161njavaju inovativne tretmane koji unapre\u0111uju dentalno zdravlje.<\/p>","protected":false},"author":1,"featured_media":0,"parent":0,"menu_order":0,"comment_status":"closed","ping_status":"closed","template":"","meta":{"_et_pb_use_builder":"on","_et_pb_old_content":"","_et_gb_content_width":"","footnotes":""},"class_list":["post-179","page","type-page","status-publish","hentry"],"yoast_head":"<!-- This site is optimized with the Yoast SEO plugin v27.2 - https:\/\/yoast.com\/product\/yoast-seo-wordpress\/ -->\n<title>Najnoviji stomatolo\u0161ki savjeti i novosti | GlowDent Blog<\/title>\n<meta name=\"description\" content=\"Otkrijte korisne savijete i stru\u010dne informacije o stomatolo\u0161koj njezi na GlowDent blogu. Pratite nas za zdravlje zuba i osmijeh koji blista!\" \/>\n<meta name=\"robots\" content=\"index, follow, max-snippet:-1, max-image-preview:large, max-video-preview:-1\" \/>\n<link rel=\"canonical\" href=\"https:\/\/glowdent.ba\/de\/blog\/\" \/>\n<meta property=\"og:locale\" content=\"de_DE\" \/>\n<meta property=\"og:type\" content=\"article\" \/>\n<meta property=\"og:title\" content=\"Najnoviji stomatolo\u0161ki savjeti i novosti | GlowDent Blog\" \/>\n<meta property=\"og:description\" content=\"Otkrijte korisne savijete i stru\u010dne informacije o stomatolo\u0161koj njezi na GlowDent blogu. Pratite nas za zdravlje zuba i osmijeh koji blista!\" \/>\n<meta property=\"og:url\" content=\"https:\/\/glowdent.ba\/de\/blog\/\" \/>\n<meta property=\"og:site_name\" content=\"Glow Dent\" \/>\n<meta property=\"article:modified_time\" content=\"2025-10-27T17:42:21+00:00\" \/>\n<meta property=\"og:image\" content=\"https:\/\/glowdent.ba\/wp-content\/uploads\/2024\/12\/Black-logo-no-background.png\" \/>\n\t<meta property=\"og:image:width\" content=\"3163\" \/>\n\t<meta property=\"og:image:height\" content=\"1466\" \/>\n\t<meta property=\"og:image:type\" content=\"image\/png\" \/>\n<meta name=\"twitter:card\" content=\"summary_large_image\" \/>\n<meta name=\"twitter:label1\" content=\"Gesch\u00e4tzte Lesezeit\" \/>\n\t<meta name=\"twitter:data1\" content=\"4\u00a0Minuten\" \/>\n<script type=\"application\/ld+json\" class=\"yoast-schema-graph\">{\"@context\":\"https:\/\/schema.org\",\"@graph\":[{\"@type\":\"WebPage\",\"@id\":\"https:\/\/glowdent.ba\/blog\/\",\"url\":\"https:\/\/glowdent.ba\/blog\/\",\"name\":\"Najnoviji stomatolo\u0161ki savjeti i novosti | GlowDent Blog\",\"isPartOf\":{\"@id\":\"https:\/\/glowdent.ba\/#website\"},\"datePublished\":\"2020-07-21T14:11:49+00:00\",\"dateModified\":\"2025-10-27T17:42:21+00:00\",\"description\":\"Otkrijte korisne savijete i stru\u010dne informacije o stomatolo\u0161koj njezi na GlowDent blogu. Pratite nas za zdravlje zuba i osmijeh koji blista!\",\"breadcrumb\":{\"@id\":\"https:\/\/glowdent.ba\/blog\/#breadcrumb\"},\"inLanguage\":\"de\",\"potentialAction\":[{\"@type\":\"ReadAction\",\"target\":[\"https:\/\/glowdent.ba\/blog\/\"]}]},{\"@type\":\"BreadcrumbList\",\"@id\":\"https:\/\/glowdent.ba\/blog\/#breadcrumb\",\"itemListElement\":[{\"@type\":\"ListItem\",\"position\":1,\"name\":\"Home\",\"item\":\"https:\/\/glowdent.ba\/\"},{\"@type\":\"ListItem\",\"position\":2,\"name\":\"Blog\"}]},{\"@type\":\"WebSite\",\"@id\":\"https:\/\/glowdent.ba\/#website\",\"url\":\"https:\/\/glowdent.ba\/\",\"name\":\"Glow Dent\",\"description\":\"\",\"publisher\":{\"@id\":\"https:\/\/glowdent.ba\/#organization\"},\"potentialAction\":[{\"@type\":\"SearchAction\",\"target\":{\"@type\":\"EntryPoint\",\"urlTemplate\":\"https:\/\/glowdent.ba\/?s={search_term_string}\"},\"query-input\":{\"@type\":\"PropertyValueSpecification\",\"valueRequired\":true,\"valueName\":\"search_term_string\"}}],\"inLanguage\":\"de\"},{\"@type\":\"Organization\",\"@id\":\"https:\/\/glowdent.ba\/#organization\",\"name\":\"Glow Dent\",\"url\":\"https:\/\/glowdent.ba\/\",\"logo\":{\"@type\":\"ImageObject\",\"inLanguage\":\"de\",\"@id\":\"https:\/\/glowdent.ba\/#\/schema\/logo\/image\/\",\"url\":\"https:\/\/glowdent.ba\/wp-content\/uploads\/2024\/12\/Black-logo-no-background.png\",\"contentUrl\":\"https:\/\/glowdent.ba\/wp-content\/uploads\/2024\/12\/Black-logo-no-background.png\",\"width\":3163,\"height\":1466,\"caption\":\"Glow Dent\"},\"image\":{\"@id\":\"https:\/\/glowdent.ba\/#\/schema\/logo\/image\/\"}}]}<\/script>\n<!-- \/ Yoast SEO plugin. -->","yoast_head_json":{"title":"Aktuelle Tipps und Neuigkeiten rund ums Z\u00e4hnezahnwesen | GlowDent-Blog","description":"Entdecken Sie hilfreiche Tipps und Experteninformationen zur Zahnpflege im GlowDent-Blog. Folgen Sie uns f\u00fcr gesunde Z\u00e4hne und ein strahlendes L\u00e4cheln!","robots":{"index":"index","follow":"follow","max-snippet":"max-snippet:-1","max-image-preview":"max-image-preview:large","max-video-preview":"max-video-preview:-1"},"canonical":"https:\/\/glowdent.ba\/de\/blog\/","og_locale":"de_DE","og_type":"article","og_title":"Najnoviji stomatolo\u0161ki savjeti i novosti | GlowDent Blog","og_description":"Otkrijte korisne savijete i stru\u010dne informacije o stomatolo\u0161koj njezi na GlowDent blogu. Pratite nas za zdravlje zuba i osmijeh koji blista!","og_url":"https:\/\/glowdent.ba\/de\/blog\/","og_site_name":"Glow Dent","article_modified_time":"2025-10-27T17:42:21+00:00","og_image":[{"width":3163,"height":1466,"url":"https:\/\/glowdent.ba\/wp-content\/uploads\/2024\/12\/Black-logo-no-background.png","type":"image\/png"}],"twitter_card":"summary_large_image","twitter_misc":{"Gesch\u00e4tzte Lesezeit":"4\u00a0Minuten"},"schema":{"@context":"https:\/\/schema.org","@graph":[{"@type":"WebPage","@id":"https:\/\/glowdent.ba\/blog\/","url":"https:\/\/glowdent.ba\/blog\/","name":"Aktuelle Tipps und Neuigkeiten rund ums Z\u00e4hnezahnwesen | GlowDent-Blog","isPartOf":{"@id":"https:\/\/glowdent.ba\/#website"},"datePublished":"2020-07-21T14:11:49+00:00","dateModified":"2025-10-27T17:42:21+00:00","description":"Entdecken Sie hilfreiche Tipps und Experteninformationen zur Zahnpflege im GlowDent-Blog. Folgen Sie uns f\u00fcr gesunde Z\u00e4hne und ein strahlendes L\u00e4cheln!","breadcrumb":{"@id":"https:\/\/glowdent.ba\/blog\/#breadcrumb"},"inLanguage":"de","potentialAction":[{"@type":"ReadAction","target":["https:\/\/glowdent.ba\/blog\/"]}]},{"@type":"BreadcrumbList","@id":"https:\/\/glowdent.ba\/blog\/#breadcrumb","itemListElement":[{"@type":"ListItem","position":1,"name":"Home","item":"https:\/\/glowdent.ba\/"},{"@type":"ListItem","position":2,"name":"Blog"}]},{"@type":"WebSite","@id":"https:\/\/glowdent.ba\/#website","url":"https:\/\/glowdent.ba\/","name":"Glow Dent","description":"","publisher":{"@id":"https:\/\/glowdent.ba\/#organization"},"potentialAction":[{"@type":"SearchAction","target":{"@type":"EntryPoint","urlTemplate":"https:\/\/glowdent.ba\/?s={search_term_string}"},"query-input":{"@type":"PropertyValueSpecification","valueRequired":true,"valueName":"search_term_string"}}],"inLanguage":"de"},{"@type":"Organization","@id":"https:\/\/glowdent.ba\/#organization","name":"Glow Dent","url":"https:\/\/glowdent.ba\/","logo":{"@type":"ImageObject","inLanguage":"de","@id":"https:\/\/glowdent.ba\/#\/schema\/logo\/image\/","url":"https:\/\/glowdent.ba\/wp-content\/uploads\/2024\/12\/Black-logo-no-background.png","contentUrl":"https:\/\/glowdent.ba\/wp-content\/uploads\/2024\/12\/Black-logo-no-background.png","width":3163,"height":1466,"caption":"Glow Dent"},"image":{"@id":"https:\/\/glowdent.ba\/#\/schema\/logo\/image\/"}}]}},"_links":{"self":[{"href":"https:\/\/glowdent.ba\/de\/wp-json\/wp\/v2\/pages\/179","targetHints":{"allow":["GET"]}}],"collection":[{"href":"https:\/\/glowdent.ba\/de\/wp-json\/wp\/v2\/pages"}],"about":[{"href":"https:\/\/glowdent.ba\/de\/wp-json\/wp\/v2\/types\/page"}],"author":[{"embeddable":true,"href":"https:\/\/glowdent.ba\/de\/wp-json\/wp\/v2\/users\/1"}],"replies":[{"embeddable":true,"href":"https:\/\/glowdent.ba\/de\/wp-json\/wp\/v2\/comments?post=179"}],"version-history":[{"count":0,"href":"https:\/\/glowdent.ba\/de\/wp-json\/wp\/v2\/pages\/179\/revisions"}],"wp:attachment":[{"href":"https:\/\/glowdent.ba\/de\/wp-json\/wp\/v2\/media?parent=179"}],"curies":[{"name":"wp","href":"https:\/\/api.w.org\/{rel}","templated":true}]}}