{"id":7710,"date":"2025-09-30T15:57:00","date_gmt":"2025-09-30T13:57:00","guid":{"rendered":"https:\/\/glowdent.ba\/?page_id=7710"},"modified":"2025-09-30T16:06:13","modified_gmt":"2025-09-30T14:06:13","slug":"pravila-privatnosti","status":"publish","type":"page","link":"https:\/\/glowdent.ba\/en\/pravila-privatnosti\/","title":{"rendered":"PRAVILA PRIVATNOSTI"},"content":{"rendered":"<p><span style=\"font-weight: 400;\">Hvala \u0161to koristite usluge portala <\/span><a href=\"http:\/\/www.dentour.net\"><span style=\"font-weight: 400;\">www.glowdent.ba<\/span><\/a><span style=\"font-weight: 400;\"> !<\/span><\/p>\n<p><span style=\"font-weight: 400;\">Uloga kompanije ZU GlowDent I web sajta <\/span><a href=\"http:\/\/www.medtour.net\"><span style=\"font-weight: 400;\">www.glowdent.ba<\/span><\/a><span style=\"font-weight: 400;\">\u00a0 je da korisnici na brz I efikasan na\u010din dobiju stomatolo\u0161ku uslugu koju tra\u017ee.<\/span><\/p>\n<p><span style=\"font-weight: 400;\">U svrhu ostvarivanja na\u0161e misije, mi prikupljamo informacije o osobama koje tra\u017ee odre\u0111ene stomatolo\u0161ke usluge.<\/span><\/p>\n<p><span style=\"font-weight: 400;\">Web stranica <\/span><a href=\"http:\/\/www.dentour.net\"><span style=\"font-weight: 400;\">www.glowdent.ba<\/span><\/a><span style=\"font-weight: 400;\">\u00a0 je u vlasni\u0161tvu kompanije ZU GlowDent koja po\u0161tuje privatnost posjetilaca svoje internet stranice i brine se o \u010duvanju tajnosti njihovih podataka. S tim ciljem su izra\u0111ena ova Pravila o privatnosti koja se odnose samo na radnje na internet stranici u vlasni\u0161tvu kompanije ZU GlowDent. Prikupljanje, \u010duvanje i prenos li\u010dnih podataka obavlja se u skladu s odredbama Zakona o za\u0161titi li\u010dnih podataka BiH\u00a0 kao I u skladu sa Uredbom o za\u0161titi li\u010dnih podataka, koji reguli\u0161u za\u0161titu li\u010dnih podataka, njihov prenos, i spre\u010davanje neovla\u0161tenog pristupa i upotrebe li\u010dnih podataka.\u00a0<\/span><\/p>\n<p><span style=\"font-weight: 400;\">Radi lak\u0161eg i jednostavnijeg razumijevanja informacija koje prikupljamo (kako ih prikupljamo, koristimo i kakva su Va\u0161a prava i opcije u vezi s tim), predstavljamo osnovne politike prikupljanja i obrade informacija na portalu <\/span><a href=\"http:\/\/www.dentour.net\"><span style=\"font-weight: 400;\">www.glowdent.ba<\/span><\/a><span style=\"font-weight: 400;\">\u00a0 (\u201e<\/span><b>Pravila o privatnosti<\/b><span style=\"font-weight: 400;\">\u201c).\u00a0<\/span><\/p>\n<p><b>Kako prikupljamo informacije?<\/b><\/p>\n<p><span style=\"font-weight: 400;\">Prilikom posjete portalu <\/span><a href=\"http:\/\/www.dentour.net\"><span style=\"font-weight: 400;\">www.glowdent.ba<\/span><\/a><span style=\"font-weight: 400;\"> , Vi na portalu svjesno i svojevoljno mo\u017eete ostaviti informacije koje se ti\u010du Vas, koje su bitne za kori\u0161tenje stomatolo\u0161kih usluga\u00a0 ZU GlowDent.<\/span><\/p>\n<p><span style=\"font-weight: 400;\">U isto vrijeme, kada posjetite portal <\/span><a href=\"http:\/\/www.dentour.net\"><span style=\"font-weight: 400;\">www.glowdent.ba<\/span><\/a><span style=\"font-weight: 400;\"> , vi ostavljate i svoje tehni\u010dke podatke koji se odnose na mre\u017ene sisteme koje koristite da biste pristupili internetu ili nekoj internet stranici. Va\u0161e informacije prikupljamo isklju\u010divo po osnovu Va\u0161eg odobrenja koje je dato u obliku saglasnosti na na\u010din kako je to obja\u0161njeno u Uslovima i pravilima kori\u0161tenja.<\/span><\/p>\n<p><b>Informacije koje se ti\u010du Vas i Va\u0161eg identiteta, prikupljamo:\u00a0<\/b><\/p>\n<p><b>Va\u0161im svojevoljnim prijavama<\/b><\/p>\n<ul>\n<li style=\"font-weight: 400;\" aria-level=\"1\"><span style=\"font-weight: 400;\">Osobe koje tra\u017ee stomatolo\u0161ke usluge svojevoljno daju svoje informacije:<\/span><\/li>\n<li style=\"font-weight: 400;\" aria-level=\"1\"><span style=\"font-weight: 400;\">Samostalnom prijavom na portalu \u2013 osoba posjeti portal <\/span><a href=\"http:\/\/www.dentour.net\"><span style=\"font-weight: 400;\">www.glowdent.ba<\/span><\/a><span style=\"font-weight: 400;\">\u00a0 i sama izabere opciju \u2019\u2019prijavi se\u2019\u2019, te u bazu portala <\/span><a href=\"http:\/\/www.dentour.net\"><span style=\"font-weight: 400;\">www.glowdent.ba<\/span><\/a><span style=\"font-weight: 400;\">\u00a0 snimi I po\u0161alje formu sa informacijama;<\/span><\/li>\n<\/ul>\n<p><b>Informacije koje se odnose na tehni\u010dke informacije, prikupljamo:<\/b><\/p>\n<p><b>Va\u0161om posjetom portalu <\/b><a href=\"http:\/\/www.dentour.net\"><b>www.glowdent.ba<\/b><\/a><b>\u00a0<\/b><\/p>\n<ul>\n<li style=\"font-weight: 400;\" aria-level=\"1\"><span style=\"font-weight: 400;\">U momentu kada Vam se otvori prozor <\/span><a href=\"http:\/\/www.dentour.net\"><span style=\"font-weight: 400;\">www.glowdent.ba<\/span><\/a><span style=\"font-weight: 400;\">\u00a0 portala, u tom momentu nama ostaju zabilje\u017eene neke od Va\u0161ih tehni\u010dkih informacija, koje se odnose na informacije prijave:<\/span><\/li>\n<li style=\"font-weight: 400;\" aria-level=\"1\"><span style=\"font-weight: 400;\">Kola\u010di\u0107e (cookies) &#8211; za prijavljivanje korisnika. U ovom slu\u010daju napominjemo da, kola\u010di\u0107ima ne prikupljamo li\u010dne informacije o korisniku, ve\u0107 koristimo ovu opciju za smje\u0161taj identifikatora korisnika koji slu\u017ei za provjeru autenti\u010dnosti korisnika. Na osnovu kola\u010di\u0107a koje mi prikupljamo, mi ne mo\u017eemo povezati stvarnu osobu sa prijavnom sesijom koju pratimo.\u00a0<\/span><\/li>\n<li style=\"font-weight: 400;\" aria-level=\"1\"><span style=\"font-weight: 400;\">Zapisnici mre\u017enog poslu\u017eitelja (web servera) odnosno Web Server logs &#8211; Kao i velika ve\u0107ina internet stranica, automatski prikupljamo podatke o Vama sa zapisnika web servera kada posjetite na\u0161u stranicu putem ra\u010dunara doma\u0107ina na kojem je na\u0161a stranica (webserver). Mre\u017eni poslu\u017eitelj automatski prepoznaje neke podatke koji nisu li\u010dnog karaktera, poput mre\u017ene (\u201eIP\u201c) adrese (osim u slu\u010daju opisanom u nastavku), datuma i vremena kada ste posjetili na\u0161u stranicu, linkova koje ste otvarali na na\u0161oj stranici, stranicu s koje ste do\u0161li, vrstu pretra\u017eiva\u010da koji koristite (npr. Internet Explorer, Firefox, Chrome), vrstu operativnog sistema koji koristite (npr, Windows XP, MAC OS X), te domenu i adresu va\u0161eg pru\u017eatelja internet usluge. \u010cesto vr\u0161imo pregled zapisnika servera kako bismo vidjeli \u0161ta se posje\u0107uje, a sve sa ciljem boljeg razumijevanja na\u010dina na koji na\u0161i posjetioci koriste na\u0161u stranicu. Ovi podaci popularno se nazivaju Web statistika i omogu\u0107avaju nam da odr\u017eavamo i pobolj\u0161amo svoju uslugu. Osim toga, u slu\u010daju zloupotrebe sistema, ove informacije mo\u017eemo iskoristiti kako bismo, zajedno s Va\u0161im pru\u017eaocem internet usluge i\/ili lokalnim vlastima uspje\u0161no otkrili izvor zloupotrebe.<\/span><\/li>\n<li style=\"font-weight: 400;\" aria-level=\"1\"><span style=\"font-weight: 400;\">IP odnosno mre\u017ena adresa &#8211; Ova stranica koristi internet protokol (IP) adrese. IP adresa je broj koji Va\u0161 davatelj internet usluga dodjeli Va\u0161em ure\u0111aju kako biste uop\u0107e mogli pristupiti internetu. IP adresa se promjeni kad god se pove\u017eete na internet (to je &#8216;dinami\u010dka&#8217; adresa). Me\u0111utim, mogu\u0107e je da IP adresa koju zabilje\u017eimo, pa \u010dak i kola\u010di\u0107 koji koristimo, mogu sadr\u017eavati podatke na osnovu kojih Vas mo\u017eemo identifikovati. Razlog je \u0161to se kod nekih konekcija IP adresa ne mijenja (stati\u010dna je) i mo\u017ee se povezati s Va\u0161im ra\u010dunarom. Kao \u0161to smo ve\u0107 naveli, IP adrese predstavljaju dio informacija sadr\u017eanih u zapisniku webservera. Koristimo Va\u0161u IP adresu kako bismo zapisali ukupne podatke o kori\u0161tenju te kako bismo pobolj\u0161ali stranicu.<\/span><\/li>\n<\/ul>\n<p><b>\u0160ta mi zapravo radimo sa Va\u0161im informacijama?\u00a0<\/b><\/p>\n<ul>\n<li style=\"font-weight: 400;\" aria-level=\"1\"><span style=\"font-weight: 400;\">Va\u0161e podatke, koje prikupljamo putem portala <\/span><a href=\"http:\/\/www.dentour.net\"><span style=\"font-weight: 400;\">www.glowdent.ba<\/span><\/a><span style=\"font-weight: 400;\"> , koristimo kako bismo odgovorili na zahtjeve koje nam uputite i, s vremena na vrijeme, ih mo\u017eemo iskoristiti kako bismo bolje shvatili Va\u0161e potrebe i otkrili kako da unaprijedimo svoju stranicu i usluge. Va\u0161e podatke mo\u017eemo koristiti kako bismo Vas kontaktirali i\/ili pru\u017eili Vam informacije o na\u0161im uslugama. Dakle, Va\u0161e podatke koristimo u svrhu pru\u017eanja Usluga Vama .<\/span><\/li>\n<li style=\"font-weight: 400;\" aria-level=\"1\"><span style=\"font-weight: 400;\">Vi, kao osoba koja tra\u017ei stomatolo\u0161ke usluge, pohranjujete svoje informacije na portalu <\/span><a href=\"http:\/\/www.dentour.net\"><span style=\"font-weight: 400;\">www.glowdent.ba<\/span><\/a><span style=\"font-weight: 400;\"> , odnosno u na\u0161im bazama.\u00a0<\/span><\/li>\n<li style=\"font-weight: 400;\" aria-level=\"1\"><span style=\"font-weight: 400;\">Podaci upita mogu biti obra\u0111eni u svrhu pru\u017eanja, marketinga i \/ ili usluga vama.<\/span><\/li>\n<li style=\"font-weight: 400;\" aria-level=\"1\"><span style=\"font-weight: 400;\">\u00a0Mo\u017eemo obraditi informacije koje nam dostavite u svrhu pretplate na obavijesti putem e-po\u0161te i \/ ili biltene . Podaci o obavijesti mogu se obraditi u svrhu slanja relevantnih obavijesti i \/ ili biltena.<\/span><\/li>\n<li style=\"font-weight: 400;\" aria-level=\"1\"><span style=\"font-weight: 400;\">Pored specifi\u010dnih namjena za koje mo\u017eemo obraditi va\u0161e li\u010dne podatke tako\u0111e mo\u017eemo da obradimo bilo koji od va\u0161ih li\u010dnih podataka tamo gde je takva obrada neophodna za po\u0161tovanje zakonske obaveze kojoj smo podlo\u017eni, ili u cilju da za\u0161titi va\u0161e vitalne interese ili vitalne interese druge fizi\u010dke osobe.<\/span><\/li>\n<li style=\"font-weight: 400;\" aria-level=\"1\"><span style=\"font-weight: 400;\">Sve \u0161to smo naveli da radimo sa Va\u0161im informacijama, radimo samo ako imamo izri\u010dito odobrenje od Vas, koje nam dajete prilikom popunjavanja upita, klikom na tu opciju u upitu. Bez tog odobrenja, mi nismo u mogu\u0107nosti da Vas kontaktiramo na bilo koji na\u010din niti da prikupljamo i \u010duvamo Va\u0161e informacije.<\/span><\/li>\n<li style=\"font-weight: 400;\" aria-level=\"1\"><span style=\"font-weight: 400;\">Kada su u pitanju tehni\u010dke informacije, radi\u0107emo analizu koje ure\u0111aje posjetioci koriste, koje rezolucije\u2026, kako bismo na osnovu toga mogli uraditi unapre\u0111enje platforme. Na osnovu tih informacija, mi ne mo\u017eemo identifikovati osobu koja je ostavila te podatke na portalu. Obzirom da ne mo\u017eemo identifikovati osobu.<\/span><\/li>\n<li style=\"font-weight: 400;\" aria-level=\"1\"><span style=\"font-weight: 400;\">Mo\u017ee se desiti da Va\u0161e podatke podijelimo sa saradnicima ili partnerima kompanije ZU GlowDent, a ukoliko to zahtijevaju usluge koje ovi pojedinci ili pravna lica obavljaju za ili sa kompanijom ZU GlowDent. Oni ne smiju koristiti podatke u bilo koju drugu svrhu osim u svrhu pru\u017eanja usluga kompaniji ZU GlowDent ili u svrhu saradnje sa kompanijom ZU GlowDent.<\/span><\/li>\n<\/ul>\n<p><b>\u00a0\u0160ta Vi mo\u017eete raditi sa Va\u0161im informacijama registrovanim u na\u0161im bazama?\u00a0<\/b><\/p>\n<p><span style=\"font-weight: 400;\">Vi, izme\u0111u ostalog, mo\u017eete da:\u00a0<\/span><\/p>\n<ul>\n<li style=\"font-weight: 400;\" aria-level=\"1\"><span style=\"font-weight: 400;\">Provjerite status svojih podataka, na\u010din na koji prikupljamo Va\u0161e podatke, kome smo proslijedili Va\u0161e podatke, i sl. Ogovor na Va\u0161 upit \u0107emo Vam slati u periodu od 30 dana;\u00a0<\/span><\/li>\n<li style=\"font-weight: 400;\" aria-level=\"1\"><span style=\"font-weight: 400;\">Zahtijevate od nas da prestanemo koristi Va\u0161e podatke i da Vas ne kontaktiramo ni u kom slu\u010daju Zahtijevate trajno brisanje Va\u0161ih podataka iz na\u0161ih baza (pravo na zaborav);\u00a0<\/span><\/li>\n<li style=\"font-weight: 400;\" aria-level=\"1\"><span style=\"font-weight: 400;\">Podnesete prigovor na na\u010din kori\u0161tenja odnosno obrade Va\u0161ih podataka.\u00a0<\/span><\/li>\n<\/ul>\n<p><b>Koliko dugo \u010duvamo Va\u0161e informacije?\u00a0<\/b><\/p>\n<p><span style=\"font-weight: 400;\">Onoliko dugo koliko je potrebno za pru\u017eanje usluge Vama, odnosno onoliko dugo koliko Vi to odredite. Mo\u017eete nam re\u0107i da koristimo podatke do opoziva (dok ne odlu\u010dite da ne mo\u017eemo vi\u0161e koristiti Va\u0161e podatke) ili mo\u017eete odrediti rok u unaprijed.\u00a0<\/span><\/p>\n<p><span style=\"font-weight: 400;\">Za slu\u010daj da vi\u0161e ne \u017eelite da vi\u0161e na bilo koji na\u010din obra\u0111ujemo va\u0161e podatke, zahtijevate brisanje, ispravak ili prenos va\u0161ih podataka, o tome nas obavijestite, i to putem e-mail poruke na e-mail <\/span><a href=\"mailto:info@glowdent.ba\"><span style=\"font-weight: 400;\">info@glowdent.ba<\/span><\/a><span style=\"font-weight: 400;\"> ili broj telefona:\u00a0+387 65 19 11 19.<\/span><\/p>\n<p><b>Safety<\/b><span style=\"font-weight: 400;\">\u00a0<\/span><\/p>\n<p><span style=\"font-weight: 400;\">Odre\u0111ena podru\u010dja portala <\/span><a href=\"http:\/\/www.dentour.net\"><span style=\"font-weight: 400;\">www.glowdent.ba<\/span><\/a><span style=\"font-weight: 400;\"> koja prikupljaju Va\u0161e podatke koriste HTTP protokol i SSL enkripcija za prenos podataka. Me\u0111utim, kako bi isto iskoristili Va\u0161 pretra\u017eiva\u010d mora podr\u017eavati za\u0161titu kodiranjem. Portal <\/span><a href=\"http:\/\/www.dentour.net\"><span style=\"font-weight: 400;\">www.glowdent.ba<\/span><\/a><span style=\"font-weight: 400;\"> koristi vlastite i hosting centre tre\u0107ih strana. Ovi hosting centri \u0161tite Va\u0161e podatke standardnom firewall za\u0161titom i softverom za detekciju upada.\u00a0<\/span><\/p>\n<p><b>Izmjene Pravila i kontakti<\/b><span style=\"font-weight: 400;\">\u00a0<\/span><\/p>\n<p><span style=\"font-weight: 400;\">Povremeno se mo\u017ee desiti da mijenjamo ova Pravila u skladu sa zakonskim obavezama i na\u0161im internim pravilima. Ukoliko do\u0111e do izmjena, mi \u0107emo ih objaviti na na\u0161em portalu <\/span><a href=\"http:\/\/www.dentour.net\"><span style=\"font-weight: 400;\">www.glowdent.ba<\/span><\/a><span style=\"font-weight: 400;\"> . Ako i dalje, nakon objavljenih izmjena, nastavite da koristite na\u0161 portal <\/span><a href=\"http:\/\/www.dentour.net\"><span style=\"font-weight: 400;\">www.glowdent.ba<\/span><\/a><span style=\"font-weight: 400;\"> , Vi prihvatate izmjene Pravila. Ukoliko do\u0111e do znatnijih izmjena ovih Pravila, u tom slu\u010daju se mo\u017ee desiti da Vas direktno kontaktiramo ako to od nas zahtijeva zakonodavstvo.\u00a0<\/span><\/p>\n<p><span style=\"font-weight: 400;\">Jedina informacija koju od korisnika zahtijevamo je Ime i prezime, e-mail adresa, broj telefona, IP adresa. Korisnik mo\u017ee, nehoti\u010dno da podnese neke zdravstvene informacije upisivanjem u\u00a0<\/span><i><span style=\"font-weight: 400;\">Message\u00a0<\/span><\/i><span style=\"font-weight: 400;\">u kontaktnoj formi na ovoj web stranici. Imajte na umu da na tom obrascu upozoravamo korisnike da ne otkrivaju nikakve privatne informacije u vezi sa zdravljem\u00a0<\/span><i><span style=\"font-weight: 400;\">ZU GlowDent<\/span><\/i><span style=\"font-weight: 400;\">\u00a0putem platforme ili u bilo kojoj elektronskoj prepisci koja slijedi. Bez obzira na to, ako nam korisnici dostave osjetljive podatke, koristimo sigurnu vezu (HTTPS) za prenos tih podataka, kao i da se pobrinemo da se sav na\u0161 softver redovno a\u017eurira i da imamo postavljene vrhunske za\u0161titne zidove. U pogledu pristupa podacima i povjerljivosti, samo na\u0161 direktor je zadu\u017een za na\u0161e politike podataka i upravljanje informacijama,\u00a0i ima pristup ovoj osetljivoj informaciji.<\/span><\/p>\n<p><b>Imajte na umu: S obzirom da na\u0161e glavne aktivnosti ne uklju\u010duju pra\u0107enje subjekata podataka ili obradu velikih skupova li\u010dnih podataka, nismo imenovali slu\u017ebenika za za\u0161titu podataka. Mi, me\u0111utim, preduzimamo sve aktivnosti, kako bismo osigurali da smo i dalje u skladu svim nacionalnim I nadnacionalnim propisima koji reguli\u0161u za\u0161titu li\u010dnih podataka i da stalno radimo sve \u0161to je u na\u0161oj mo\u0107i da sa\u010duvamo sve podatke dostavljene putem na\u0161e platforme.\u00a0<\/b><\/p>\n<p><span style=\"font-weight: 400;\">Ukoliko imate bilo kakvih pitanja o ovim Pravilima privatnosti ili o na\u0161oj stranici, molimo Vas da kontaktirate:\u00a0<\/span><\/p>\n<p><span style=\"font-weight: 400;\">Na broj:\u00a0 +387 65 19 11 19<\/span><\/p>\n<p><span style=\"font-weight: 400;\">Na email: <\/span><a href=\"mailto:info@glowdent.ba\"><span style=\"font-weight: 400;\">info@glowdent.ba<\/span><\/a><span style=\"font-weight: 400;\">\u00a0<\/span><\/p>\n<p><span style=\"font-weight: 400;\">Va\u0161e kori\u0161tenje ove stranice podlije\u017ee primjeni Uslova i pravila kori\u0161tenja.<\/span><\/p>\n<p>&nbsp;<\/p>","protected":false},"excerpt":{"rendered":"<p>Hvala \u0161to koristite usluge portala www.glowdent.ba ! Uloga kompanije ZU GlowDent I web sajta www.glowdent.ba\u00a0 je da korisnici na brz I efikasan na\u010din dobiju stomatolo\u0161ku uslugu koju tra\u017ee. U svrhu ostvarivanja na\u0161e misije, mi prikupljamo informacije o osobama koje tra\u017ee odre\u0111ene stomatolo\u0161ke usluge. Web stranica www.glowdent.ba\u00a0 je u vlasni\u0161tvu kompanije ZU GlowDent koja po\u0161tuje privatnost [&hellip;]<\/p>\n","protected":false},"author":1,"featured_media":0,"parent":0,"menu_order":0,"comment_status":"closed","ping_status":"closed","template":"","meta":{"_et_pb_use_builder":"","_et_pb_old_content":"","_et_gb_content_width":"","footnotes":""},"class_list":["post-7710","page","type-page","status-publish","hentry"],"yoast_head":"<!-- This site is optimized with the Yoast SEO plugin v27.2 - https:\/\/yoast.com\/product\/yoast-seo-wordpress\/ -->\n<title>PRAVILA PRIVATNOSTI - Glow Dent<\/title>\n<meta name=\"robots\" content=\"index, follow, max-snippet:-1, max-image-preview:large, max-video-preview:-1\" \/>\n<link rel=\"canonical\" href=\"https:\/\/glowdent.ba\/en\/pravila-privatnosti\/\" \/>\n<meta property=\"og:locale\" content=\"en_US\" \/>\n<meta property=\"og:type\" content=\"article\" \/>\n<meta property=\"og:title\" content=\"PRAVILA PRIVATNOSTI - Glow Dent\" \/>\n<meta property=\"og:description\" content=\"Hvala \u0161to koristite usluge portala www.glowdent.ba ! Uloga kompanije ZU GlowDent I web sajta www.glowdent.ba\u00a0 je da korisnici na brz I efikasan na\u010din dobiju stomatolo\u0161ku uslugu koju tra\u017ee. U svrhu ostvarivanja na\u0161e misije, mi prikupljamo informacije o osobama koje tra\u017ee odre\u0111ene stomatolo\u0161ke usluge. Web stranica www.glowdent.ba\u00a0 je u vlasni\u0161tvu kompanije ZU GlowDent koja po\u0161tuje privatnost [&hellip;]\" \/>\n<meta property=\"og:url\" content=\"https:\/\/glowdent.ba\/en\/pravila-privatnosti\/\" \/>\n<meta property=\"og:site_name\" content=\"Glow Dent\" \/>\n<meta property=\"article:modified_time\" content=\"2025-09-30T14:06:13+00:00\" \/>\n<meta property=\"og:image\" content=\"https:\/\/glowdent.ba\/wp-content\/uploads\/2024\/12\/Black-logo-no-background.png\" \/>\n\t<meta property=\"og:image:width\" content=\"3163\" \/>\n\t<meta property=\"og:image:height\" content=\"1466\" \/>\n\t<meta property=\"og:image:type\" content=\"image\/png\" \/>\n<meta name=\"twitter:card\" content=\"summary_large_image\" \/>\n<meta name=\"twitter:label1\" content=\"Est. reading time\" \/>\n\t<meta name=\"twitter:data1\" content=\"7 minutes\" \/>\n<script type=\"application\/ld+json\" class=\"yoast-schema-graph\">{\"@context\":\"https:\/\/schema.org\",\"@graph\":[{\"@type\":\"WebPage\",\"@id\":\"https:\/\/glowdent.ba\/pravila-privatnosti\/\",\"url\":\"https:\/\/glowdent.ba\/pravila-privatnosti\/\",\"name\":\"PRAVILA PRIVATNOSTI - Glow Dent\",\"isPartOf\":{\"@id\":\"https:\/\/glowdent.ba\/#website\"},\"datePublished\":\"2025-09-30T13:57:00+00:00\",\"dateModified\":\"2025-09-30T14:06:13+00:00\",\"breadcrumb\":{\"@id\":\"https:\/\/glowdent.ba\/pravila-privatnosti\/#breadcrumb\"},\"inLanguage\":\"en-US\",\"potentialAction\":[{\"@type\":\"ReadAction\",\"target\":[\"https:\/\/glowdent.ba\/pravila-privatnosti\/\"]}]},{\"@type\":\"BreadcrumbList\",\"@id\":\"https:\/\/glowdent.ba\/pravila-privatnosti\/#breadcrumb\",\"itemListElement\":[{\"@type\":\"ListItem\",\"position\":1,\"name\":\"Home\",\"item\":\"https:\/\/glowdent.ba\/\"},{\"@type\":\"ListItem\",\"position\":2,\"name\":\"PRAVILA PRIVATNOSTI\"}]},{\"@type\":\"WebSite\",\"@id\":\"https:\/\/glowdent.ba\/#website\",\"url\":\"https:\/\/glowdent.ba\/\",\"name\":\"Glow Dent\",\"description\":\"\",\"publisher\":{\"@id\":\"https:\/\/glowdent.ba\/#organization\"},\"potentialAction\":[{\"@type\":\"SearchAction\",\"target\":{\"@type\":\"EntryPoint\",\"urlTemplate\":\"https:\/\/glowdent.ba\/?s={search_term_string}\"},\"query-input\":{\"@type\":\"PropertyValueSpecification\",\"valueRequired\":true,\"valueName\":\"search_term_string\"}}],\"inLanguage\":\"en-US\"},{\"@type\":\"Organization\",\"@id\":\"https:\/\/glowdent.ba\/#organization\",\"name\":\"Glow Dent\",\"url\":\"https:\/\/glowdent.ba\/\",\"logo\":{\"@type\":\"ImageObject\",\"inLanguage\":\"en-US\",\"@id\":\"https:\/\/glowdent.ba\/#\/schema\/logo\/image\/\",\"url\":\"https:\/\/glowdent.ba\/wp-content\/uploads\/2024\/12\/Black-logo-no-background.png\",\"contentUrl\":\"https:\/\/glowdent.ba\/wp-content\/uploads\/2024\/12\/Black-logo-no-background.png\",\"width\":3163,\"height\":1466,\"caption\":\"Glow Dent\"},\"image\":{\"@id\":\"https:\/\/glowdent.ba\/#\/schema\/logo\/image\/\"}}]}<\/script>\n<!-- \/ Yoast SEO plugin. -->","yoast_head_json":{"title":"PRAVILA PRIVATNOSTI - Glow Dent","robots":{"index":"index","follow":"follow","max-snippet":"max-snippet:-1","max-image-preview":"max-image-preview:large","max-video-preview":"max-video-preview:-1"},"canonical":"https:\/\/glowdent.ba\/en\/pravila-privatnosti\/","og_locale":"en_US","og_type":"article","og_title":"PRAVILA PRIVATNOSTI - Glow Dent","og_description":"Hvala \u0161to koristite usluge portala www.glowdent.ba ! Uloga kompanije ZU GlowDent I web sajta www.glowdent.ba\u00a0 je da korisnici na brz I efikasan na\u010din dobiju stomatolo\u0161ku uslugu koju tra\u017ee. U svrhu ostvarivanja na\u0161e misije, mi prikupljamo informacije o osobama koje tra\u017ee odre\u0111ene stomatolo\u0161ke usluge. Web stranica www.glowdent.ba\u00a0 je u vlasni\u0161tvu kompanije ZU GlowDent koja po\u0161tuje privatnost [&hellip;]","og_url":"https:\/\/glowdent.ba\/en\/pravila-privatnosti\/","og_site_name":"Glow Dent","article_modified_time":"2025-09-30T14:06:13+00:00","og_image":[{"width":3163,"height":1466,"url":"https:\/\/glowdent.ba\/wp-content\/uploads\/2024\/12\/Black-logo-no-background.png","type":"image\/png"}],"twitter_card":"summary_large_image","twitter_misc":{"Est. reading time":"7 minutes"},"schema":{"@context":"https:\/\/schema.org","@graph":[{"@type":"WebPage","@id":"https:\/\/glowdent.ba\/pravila-privatnosti\/","url":"https:\/\/glowdent.ba\/pravila-privatnosti\/","name":"PRAVILA PRIVATNOSTI - Glow Dent","isPartOf":{"@id":"https:\/\/glowdent.ba\/#website"},"datePublished":"2025-09-30T13:57:00+00:00","dateModified":"2025-09-30T14:06:13+00:00","breadcrumb":{"@id":"https:\/\/glowdent.ba\/pravila-privatnosti\/#breadcrumb"},"inLanguage":"en-US","potentialAction":[{"@type":"ReadAction","target":["https:\/\/glowdent.ba\/pravila-privatnosti\/"]}]},{"@type":"BreadcrumbList","@id":"https:\/\/glowdent.ba\/pravila-privatnosti\/#breadcrumb","itemListElement":[{"@type":"ListItem","position":1,"name":"Home","item":"https:\/\/glowdent.ba\/"},{"@type":"ListItem","position":2,"name":"PRAVILA PRIVATNOSTI"}]},{"@type":"WebSite","@id":"https:\/\/glowdent.ba\/#website","url":"https:\/\/glowdent.ba\/","name":"Glow Dent","description":"","publisher":{"@id":"https:\/\/glowdent.ba\/#organization"},"potentialAction":[{"@type":"SearchAction","target":{"@type":"EntryPoint","urlTemplate":"https:\/\/glowdent.ba\/?s={search_term_string}"},"query-input":{"@type":"PropertyValueSpecification","valueRequired":true,"valueName":"search_term_string"}}],"inLanguage":"en-US"},{"@type":"Organization","@id":"https:\/\/glowdent.ba\/#organization","name":"Glow Dent","url":"https:\/\/glowdent.ba\/","logo":{"@type":"ImageObject","inLanguage":"en-US","@id":"https:\/\/glowdent.ba\/#\/schema\/logo\/image\/","url":"https:\/\/glowdent.ba\/wp-content\/uploads\/2024\/12\/Black-logo-no-background.png","contentUrl":"https:\/\/glowdent.ba\/wp-content\/uploads\/2024\/12\/Black-logo-no-background.png","width":3163,"height":1466,"caption":"Glow Dent"},"image":{"@id":"https:\/\/glowdent.ba\/#\/schema\/logo\/image\/"}}]}},"_links":{"self":[{"href":"https:\/\/glowdent.ba\/en\/wp-json\/wp\/v2\/pages\/7710","targetHints":{"allow":["GET"]}}],"collection":[{"href":"https:\/\/glowdent.ba\/en\/wp-json\/wp\/v2\/pages"}],"about":[{"href":"https:\/\/glowdent.ba\/en\/wp-json\/wp\/v2\/types\/page"}],"author":[{"embeddable":true,"href":"https:\/\/glowdent.ba\/en\/wp-json\/wp\/v2\/users\/1"}],"replies":[{"embeddable":true,"href":"https:\/\/glowdent.ba\/en\/wp-json\/wp\/v2\/comments?post=7710"}],"version-history":[{"count":0,"href":"https:\/\/glowdent.ba\/en\/wp-json\/wp\/v2\/pages\/7710\/revisions"}],"wp:attachment":[{"href":"https:\/\/glowdent.ba\/en\/wp-json\/wp\/v2\/media?parent=7710"}],"curies":[{"name":"wp","href":"https:\/\/api.w.org\/{rel}","templated":true}]}}