{"id":7830,"date":"2026-03-30T17:04:09","date_gmt":"2026-03-30T15:04:09","guid":{"rendered":"https:\/\/glowdent.ba\/?page_id=7830"},"modified":"2026-04-01T20:18:15","modified_gmt":"2026-04-01T18:18:15","slug":"cjenovnik","status":"publish","type":"page","link":"https:\/\/glowdent.ba\/en\/cjenovnik\/","title":{"rendered":"Cjenovnik"},"content":{"rendered":"<p>[et_pb_section fb_built=&#8221;1&#8221; _builder_version=&#8221;4.27.6&#8221; _module_preset=&#8221;default&#8221; global_colors_info=&#8221;{}&#8221;][et_pb_row _builder_version=&#8221;4.27.6&#8221; _module_preset=&#8221;default&#8221; max_width=&#8221;1200px&#8221; global_colors_info=&#8221;{}&#8221;][et_pb_column type=&#8221;4_4&#8221; _builder_version=&#8221;4.27.6&#8221; _module_preset=&#8221;default&#8221; global_colors_info=&#8221;{}&#8221;][et_pb_tabs active_tab_background_color=&#8221;#CAB06A&#8221; inactive_tab_background_color=&#8221;#FFFFFF&#8221; active_tab_text_color=&#8221;#FFFFFF&#8221; _builder_version=&#8221;4.27.6&#8221; _module_preset=&#8221;default&#8221; tab_text_color=&#8221;#CAB06A&#8221; tab_font_size=&#8221;16px&#8221; tab_line_height=&#8221;2em&#8221; custom_padding=&#8221;||||false|false&#8221; border_color_all=&#8221;#CAB06A&#8221; global_colors_info=&#8221;{}&#8221;][et_pb_tab title=&#8221;PREGLED I KONSULTACIJE&#8221; _builder_version=&#8221;4.27.6&#8221; _module_preset=&#8221;default&#8221; global_colors_info=&#8221;{}&#8221;]<\/p>\n<table cellspacing=\"0\" cellpadding=\"0\">\n<tbody>\n<tr>\n<td valign=\"top\">\n<p class=\"p1\">Stomatolo\u0161ki pregled<\/p>\n<\/td>\n<td valign=\"top\">\n<p class=\"p1\">BAM 30.00<\/p>\n<\/td>\n<\/tr>\n<tr>\n<td valign=\"top\">\n<p class=\"p1\">Pregled specijaliste stomatologije<\/p>\n<\/td>\n<td valign=\"top\">\n<p class=\"p1\">BAM 60.00<\/p>\n<\/td>\n<\/tr>\n<tr>\n<td valign=\"top\">\n<p class=\"p1\">RTG snimak<\/p>\n<\/td>\n<td valign=\"top\">\n<p class=\"p1\">BAM 15.00<\/p>\n<\/td>\n<\/tr>\n<tr>\n<td valign=\"top\">\n<p class=\"p1\">Specialisti\u010dki pregled sa analizom RTG snimka i pisani nalaz<\/p>\n<\/td>\n<td valign=\"top\">\n<p class=\"p1\">BAM 75.00<\/p>\n<\/td>\n<\/tr>\n<tr>\n<td valign=\"top\">\n<p class=\"p1\">Specialisti\u010dki pregled sa analizom 3D snimka i pisani nalaz<\/p>\n<\/td>\n<td valign=\"top\">\n<p class=\"p1\">BAM 75.00<\/p>\n<\/td>\n<\/tr>\n<tr>\n<td valign=\"top\">\n<p class=\"p1\">Prva pomoc<\/p>\n<\/td>\n<td valign=\"top\">\n<p class=\"p1\">BAM 35.00<\/p>\n<\/td>\n<\/tr>\n<\/tbody>\n<\/table>\n<p>[\/et_pb_tab][et_pb_tab title=&#8221;KONZERVATIVNA STOMATOLOGIJA&#8221; _builder_version=&#8221;4.27.6&#8221; _module_preset=&#8221;default&#8221; global_colors_info=&#8221;{}&#8221;]<\/p>\n<table cellspacing=\"0\" cellpadding=\"0\">\n<tbody>\n<tr>\n<td valign=\"top\">\n<p class=\"p1\">Lokalna anestezija<\/p>\n<\/td>\n<td valign=\"top\">\n<p class=\"p1\">BAM 10.00<\/p>\n<\/td>\n<\/tr>\n<tr>\n<td valign=\"top\">\n<p class=\"p1\">Jednopovr\u0161inska plomba<\/p>\n<\/td>\n<td valign=\"top\">\n<p class=\"p1\">BAM 50.00<\/p>\n<\/td>\n<\/tr>\n<tr>\n<td valign=\"top\">\n<p class=\"p1\">Dvopovr\u0161inska plomba<\/p>\n<\/td>\n<td valign=\"top\">\n<p class=\"p1\">BAM 60.00<\/p>\n<\/td>\n<\/tr>\n<tr>\n<td valign=\"top\">\n<p class=\"p1\">Vi\u0161epovr\u0161inska plomba<\/p>\n<\/td>\n<td valign=\"top\">\n<p class=\"p1\">BAM 70.00<\/p>\n<\/td>\n<\/tr>\n<\/tbody>\n<\/table>\n<p>[\/et_pb_tab][et_pb_tab title=&#8221;DJE\u010cIJA STOMATOLOGIJA&#8221; _builder_version=&#8221;4.27.6&#8221; _module_preset=&#8221;default&#8221; global_colors_info=&#8221;{}&#8221;]<\/p>\n<table cellspacing=\"0\" cellpadding=\"0\">\n<tbody>\n<tr>\n<td valign=\"top\">\n<p class=\"p1\">Ekstrakcija mlije\u010dnog zuba<\/p>\n<\/td>\n<td valign=\"top\">\n<p class=\"p1\">BAM 20.00<\/p>\n<\/td>\n<\/tr>\n<tr>\n<td valign=\"top\">\n<p class=\"p1\">Dje\u010dija plomba<\/p>\n<\/td>\n<td valign=\"top\">\n<p class=\"p1\">BAM 40.00<\/p>\n<\/td>\n<\/tr>\n<tr>\n<td valign=\"top\">\n<p class=\"p1\">Lije\u010denje mlije\u010dnog zuba<\/p>\n<\/td>\n<td valign=\"top\">\n<p class=\"p1\">BAM 50.00<\/p>\n<\/td>\n<\/tr>\n<tr>\n<td valign=\"top\">\n<p class=\"p1\">Uklanjanje mekih naslaga<\/p>\n<\/td>\n<td valign=\"top\">\n<p class=\"p1\">BAM 20.00<\/p>\n<\/td>\n<\/tr>\n<tr>\n<td valign=\"top\">\n<p class=\"p1\">Zalivanje fisura<\/p>\n<\/td>\n<td valign=\"top\">\n<p class=\"p1\">BAM 35.00<\/p>\n<\/td>\n<\/tr>\n<\/tbody>\n<\/table>\n<p>[\/et_pb_tab][\/et_pb_tabs][et_pb_tabs active_tab_background_color=&#8221;#CAB06A&#8221; inactive_tab_background_color=&#8221;#FFFFFF&#8221; active_tab_text_color=&#8221;#FFFFFF&#8221; _builder_version=&#8221;4.27.6&#8221; _module_preset=&#8221;default&#8221; tab_text_color=&#8221;#CAB06A&#8221; tab_font_size=&#8221;16px&#8221; tab_line_height=&#8221;2em&#8221; custom_padding=&#8221;||||false|false&#8221; border_color_all=&#8221;#CAB06A&#8221; global_colors_info=&#8221;{}&#8221;][et_pb_tab title=&#8221;ENDODONCIJA &#8211; LIJE\u010cENJE KANALA KORJENA&#8221; _builder_version=&#8221;4.27.6&#8221; _module_preset=&#8221;default&#8221; global_colors_info=&#8221;{}&#8221;]<\/p>\n<table>\n<thead>\n<tr>\n<th>Usluga<\/th>\n<th>Cijena (BAM)<\/th>\n<\/tr>\n<\/thead>\n<tbody>\n<tr>\n<td>Aplikacija devitalizacione paste<\/td>\n<td>30.00<\/td>\n<\/tr>\n<tr>\n<td>Interseansna aplikacija lijeka jednokratno<\/td>\n<td>20.00<\/td>\n<\/tr>\n<tr>\n<td>Interseansna aplikacija lijeka vi\u0161ekanalna<\/td>\n<td>30.00<\/td>\n<\/tr>\n<tr>\n<td>Lije\u010denje jednog kanala uz definitivno punjenje<\/td>\n<td>100.00<\/td>\n<\/tr>\n<tr>\n<td>Lije\u010denje dva kanala uz definitivno punjenje<\/td>\n<td>120.00<\/td>\n<\/tr>\n<tr>\n<td>Lije\u010denje tri kanala zuba uz definitivno punjenje<\/td>\n<td>150.00<\/td>\n<\/tr>\n<tr>\n<td>Definitivno punjenje jednokorjenog zuba<\/td>\n<td>50.00<\/td>\n<\/tr>\n<tr>\n<td>Definitivno punjenje dvokorjenog zuba<\/td>\n<td>60.00<\/td>\n<\/tr>\n<tr>\n<td>Definitivno punjenje vi\u0161ekorjenog zuba<\/td>\n<td>70.00<\/td>\n<\/tr>\n<tr>\n<td>Revizija lije\u010denog jednokorjenog zuba<\/td>\n<td>130.00<\/td>\n<\/tr>\n<tr>\n<td>Revizija lije\u010denog vi\u0161ekorjenog zuba<\/td>\n<td>160.00<\/td>\n<\/tr>\n<tr>\n<td>Fiberglas ko\u010di\u0107<\/td>\n<td>90.00<\/td>\n<\/tr>\n<\/tbody>\n<\/table>\n<p>[\/et_pb_tab][et_pb_tab title=&#8221;ESTETSKA STOMATOLOGIJA&#8221; _builder_version=&#8221;4.27.6&#8221; _module_preset=&#8221;default&#8221; global_colors_info=&#8221;{}&#8221;]<\/p>\n<table>\n<thead>\n<tr>\n<th>Usluga<\/th>\n<th>Cijena (BAM)<\/th>\n<\/tr>\n<\/thead>\n<tbody>\n<tr>\n<td>UZ uklanjanje zubnog kamenca<\/td>\n<td>70.00<\/td>\n<\/tr>\n<tr>\n<td>UZ uklanjanje zubnog kamenca sa pjeskarenjem (air flow)<\/td>\n<td>80.00<\/td>\n<\/tr>\n<tr>\n<td>Pjeskarenje po vilici (air flow)<\/td>\n<td>40.00<\/td>\n<\/tr>\n<tr>\n<td>Izbjeljivanje pojedina\u010dnih avitalnih zuba<\/td>\n<td>80 \u2013 110<\/td>\n<\/tr>\n<tr>\n<td>Ordinacijsko izbjeljivanje uz pomo\u0107 LED lampe po vilici<\/td>\n<td>250.00<\/td>\n<\/tr>\n<tr>\n<td>Ku\u0107no izbjeljivanje \u2013 folija + gel<\/td>\n<td>175.00<\/td>\n<\/tr>\n<tr>\n<td>Nakit za zube (cirkon)<\/td>\n<td>40.00<\/td>\n<\/tr>\n<\/tbody>\n<\/table>\n<p>[\/et_pb_tab][et_pb_tab title=&#8221;ORTODONCIJA&#8221; _builder_version=&#8221;4.27.6&#8221; _module_preset=&#8221;default&#8221; global_colors_info=&#8221;{}&#8221;]<\/p>\n<table>\n<thead>\n<tr>\n<th>Usluga<\/th>\n<th>Cijena (BAM)<\/th>\n<\/tr>\n<\/thead>\n<tbody>\n<tr>\n<td>Pregled i nalaz ortodonta<\/td>\n<td>60.00<\/td>\n<\/tr>\n<tr>\n<td>Mobilni ortodontski aparat \u2013 \u0160varcova plo\u010da<\/td>\n<td>400.00<\/td>\n<\/tr>\n<tr>\n<td>Mobilni ortodontski aparat \u2013 Monoblok, Twinblok, Fr\u00e4nkl<\/td>\n<td>400.00<\/td>\n<\/tr>\n<tr>\n<td>Cjepa\u010d nepca \u2013 Rapid Palatal Expander<\/td>\n<td>550.00<\/td>\n<\/tr>\n<tr>\n<td>Lingvalni luk \/ TPA<\/td>\n<td>320.00<\/td>\n<\/tr>\n<tr>\n<td>\u010cuvar prostora<\/td>\n<td>150.00<\/td>\n<\/tr>\n<tr>\n<td>Fiksni ortodontski aparat sa metalnim bravicama<\/td>\n<td>1,300.00<\/td>\n<\/tr>\n<tr>\n<td>Fiksni ortodontski aparat sa estetskim bravicama<\/td>\n<td>1,800.00<\/td>\n<\/tr>\n<tr>\n<td>Fiksni retiner nakon ortodontske terapije \u2013 \u017ei\u010dani<\/td>\n<td>120.00<\/td>\n<\/tr>\n<tr>\n<td>Fiksni retiner nakon ortodontske terapije \u2013 TI<\/td>\n<td>200.00<\/td>\n<\/tr>\n<tr>\n<td>Mobilni retiner nakon ortodontske terapije<\/td>\n<td>110.00<\/td>\n<\/tr>\n<tr>\n<td>Udlaga za bruksizam \u2013 classic<\/td>\n<td>100.00<\/td>\n<\/tr>\n<tr>\n<td>Udlaga za bruksizam \u2013 dupla folija<\/td>\n<td>130.00<\/td>\n<\/tr>\n<tr>\n<td>Udlaga protiv hrkanja (Silensor)<\/td>\n<td>400.00<\/td>\n<\/tr>\n<tr>\n<td>Udlaga protiv hrkanja (Somnodent)<\/td>\n<td>600.00<\/td>\n<\/tr>\n<tr>\n<td>FullAlign folije \u2013 komad<\/td>\n<td>200.00<\/td>\n<\/tr>\n<tr>\n<td>FullSafe<\/td>\n<td>150.00<\/td>\n<\/tr>\n<tr>\n<td>FullSafe unikatni<\/td>\n<td>200.00<\/td>\n<\/tr>\n<tr>\n<td>Mouthpiece<\/td>\n<td>150.00<\/td>\n<\/tr>\n<tr>\n<td>Mouthpiece \u2013 unikatni<\/td>\n<td>200.00<\/td>\n<\/tr>\n<tr>\n<td>Nakit za zube od TI \u2013 po zubu<\/td>\n<td>100.00<\/td>\n<\/tr>\n<\/tbody>\n<\/table>\n<p>[\/et_pb_tab][\/et_pb_tabs][et_pb_tabs active_tab_background_color=&#8221;#CAB06A&#8221; inactive_tab_background_color=&#8221;#FFFFFF&#8221; active_tab_text_color=&#8221;#FFFFFF&#8221; _builder_version=&#8221;4.27.6&#8221; _module_preset=&#8221;default&#8221; tab_text_color=&#8221;#CAB06A&#8221; tab_font_size=&#8221;16px&#8221; tab_line_height=&#8221;2em&#8221; custom_padding=&#8221;||||false|false&#8221; border_color_all=&#8221;#CAB06A&#8221; global_colors_info=&#8221;{}&#8221;][et_pb_tab title=&#8221;PROTETIKA&#8221; _builder_version=&#8221;4.27.6&#8221; _module_preset=&#8221;default&#8221; global_colors_info=&#8221;{}&#8221;]<\/p>\n<table>\n<thead>\n<tr>\n<th>Usluga<\/th>\n<th>Cijena (BAM)<\/th>\n<\/tr>\n<\/thead>\n<tbody>\n<tr>\n<td>Imedijatna proteza<\/td>\n<td>550.00<\/td>\n<\/tr>\n<tr>\n<td>Parcijalna akrilatna proteza od 3 zuba \u2013 \u017dabica<\/td>\n<td>200.00<\/td>\n<\/tr>\n<tr>\n<td>Parcijalna akrilatna proteza<\/td>\n<td>500.00<\/td>\n<\/tr>\n<tr>\n<td>Totalna akrilatna proteza<\/td>\n<td>550.00<\/td>\n<\/tr>\n<tr>\n<td>Refline zubi dodatno uz protezu<\/td>\n<td>200.00<\/td>\n<\/tr>\n<tr>\n<td>Oja\u010danje proteze (mre\u017eica, podjezi\u010dni luk)<\/td>\n<td>80.00<\/td>\n<\/tr>\n<tr>\n<td>Parcijalna flexi proteza bre.flex<\/td>\n<td>600.00<\/td>\n<\/tr>\n<tr>\n<td>Parcijalna skeletirana proteza (Wissil)<\/td>\n<td>800.00<\/td>\n<\/tr>\n<tr>\n<td>Parcijalna skeletirana proteza biodentaplast (estetski Wissil)<\/td>\n<td>900.00<\/td>\n<\/tr>\n<tr>\n<td>Parcijalna skeletirana namjenska proteza<\/td>\n<td>800.00<\/td>\n<\/tr>\n<tr>\n<td>Jedan ate\u010dmen<\/td>\n<td>150.00<\/td>\n<\/tr>\n<tr>\n<td>Indirektno podlaganje proteze<\/td>\n<td>100.00<\/td>\n<\/tr>\n<tr>\n<td>Reparatura akrilatne proteze<\/td>\n<td>100.00<\/td>\n<\/tr>\n<tr>\n<td>Dodatak zuba ili kukice u protezu<\/td>\n<td>100.00<\/td>\n<\/tr>\n<tr>\n<td>Livena nadogradnja \/ FRK<\/td>\n<td>100.00<\/td>\n<\/tr>\n<tr>\n<td>Zamjena IRA gumica<\/td>\n<td>50.00<\/td>\n<\/tr>\n<tr>\n<td>Metalokerami\u010dka krunica (navlaka)<\/td>\n<td>250.00<\/td>\n<\/tr>\n<tr>\n<td>Metalokerami\u010dka PREMIUM krunica<\/td>\n<td>280.00<\/td>\n<\/tr>\n<tr>\n<td>Metalokerami\u010dka krunica na implantu<\/td>\n<td>350.00<\/td>\n<\/tr>\n<tr>\n<td>Metalokerami\u010dka krunica PREMIUM na implantu<\/td>\n<td>380.00<\/td>\n<\/tr>\n<tr>\n<td>Fabri\u010dki abutment\/mutiunit<\/td>\n<td>150.00<\/td>\n<\/tr>\n<tr>\n<td>Suprastruktura \/ Individualni abutment<\/td>\n<td>200.00<\/td>\n<\/tr>\n<\/tbody>\n<\/table>\n<p>[\/et_pb_tab][et_pb_tab title=&#8221;PROTETIKA&#8221; _builder_version=&#8221;4.27.6&#8221; _module_preset=&#8221;default&#8221; global_colors_info=&#8221;{}&#8221;]<\/p>\n<table>\n<thead>\n<tr>\n<th>Usluga<\/th>\n<th>Cijena (BAM)<\/th>\n<\/tr>\n<\/thead>\n<tbody>\n<tr>\n<td>Bezmetalna cirkonijum krunica (MONOLITNA)<\/td>\n<td>350.00<\/td>\n<\/tr>\n<tr>\n<td>Bezmetalna cirkonijum krunica (PREMIUM)<\/td>\n<td>500.00<\/td>\n<\/tr>\n<tr>\n<td>Bezmetalna cirkonijum krunica (PUNI CIRKON) na implantu<\/td>\n<td>450.00<\/td>\n<\/tr>\n<tr>\n<td>Bezmetalna cirkonijum krunica (PREMIUM) na implantu<\/td>\n<td>600.00<\/td>\n<\/tr>\n<tr>\n<td>Bezmetalna cirkonijum krunica (ML + Squin keramika)<\/td>\n<td>430.00<\/td>\n<\/tr>\n<tr>\n<td>Inley \/ Onley<\/td>\n<td>350.00<\/td>\n<\/tr>\n<tr>\n<td>Dodatak roze keramike po zubu<\/td>\n<td>30.00<\/td>\n<\/tr>\n<tr>\n<td>Faseta cirkonijum keramika<\/td>\n<td>400.00<\/td>\n<\/tr>\n<tr>\n<td>Skidanje starog protetskog rada po zubu<\/td>\n<td>30.00<\/td>\n<\/tr>\n<tr>\n<td>Hibridni most na \u0161raf<\/td>\n<td>2,500.00<\/td>\n<\/tr>\n<tr>\n<td>Proteza na pre\u010dki \u2013 2 implanta<\/td>\n<td>2,500.00<\/td>\n<\/tr>\n<tr>\n<td>Proteza na pre\u010dki \u2013 4 implanta<\/td>\n<td>3,000.00<\/td>\n<\/tr>\n<tr>\n<td>All on 4<\/td>\n<td>6,000.00<\/td>\n<\/tr>\n<tr>\n<td>All on 5<\/td>\n<td>7,000.00<\/td>\n<\/tr>\n<tr>\n<td>All on 6<\/td>\n<td>8,000.00<\/td>\n<\/tr>\n<tr>\n<td>Privremena kruna po zubu \u2013 Cad Cam<\/td>\n<td>80.00<\/td>\n<\/tr>\n<\/tbody>\n<\/table>\n<p>[\/et_pb_tab][et_pb_tab title=&#8221;ORALNA HIRURGIJA&#8221; _builder_version=&#8221;4.27.6&#8221; _module_preset=&#8221;default&#8221; global_colors_info=&#8221;{}&#8221;]<\/p>\n<table>\n<thead>\n<tr>\n<th>Usluga<\/th>\n<th>Cijena (BAM)<\/th>\n<\/tr>\n<\/thead>\n<tbody>\n<tr>\n<td>Pregled i nalaz oralnog hirurga<\/td>\n<td>60.00<\/td>\n<\/tr>\n<tr>\n<td>Ekstrakcija (va\u0111enje) stalnog zuba<\/td>\n<td>50.00<\/td>\n<\/tr>\n<tr>\n<td>Ekstrakcija (va\u0111enje) zuba, radix<\/td>\n<td>70.00<\/td>\n<\/tr>\n<tr>\n<td>Komplikovana ekstrakcija zuba sa separacijom<\/td>\n<td>80.00<\/td>\n<\/tr>\n<tr>\n<td>Ekstrakcija (va\u0111enje) zuba sa \u0161ivenjem<\/td>\n<td>70.00<\/td>\n<\/tr>\n<tr>\n<td>Incizija apscesa intraoralno<\/td>\n<td>40.00<\/td>\n<\/tr>\n<tr>\n<td>Terapija alveolita po posjeti<\/td>\n<td>20.00<\/td>\n<\/tr>\n<tr>\n<td>Terapija otoka<\/td>\n<td>30.00<\/td>\n<\/tr>\n<tr>\n<td>Apikotomija zuba<\/td>\n<td>200.00<\/td>\n<\/tr>\n<tr>\n<td>Hirur\u0161ko va\u0111enje zuba<\/td>\n<td>200.00<\/td>\n<\/tr>\n<tr>\n<td>Hirur\u0161ko va\u0111enje impaktiranog zuba<\/td>\n<td>200.00<\/td>\n<\/tr>\n<tr>\n<td>Korekcija frenuluma i bukalnih plika<\/td>\n<td>100.00<\/td>\n<\/tr>\n<tr>\n<td>Produ\u017eenje klini\u010dke krune zuba (gingivektomija)<\/td>\n<td>150.00<\/td>\n<\/tr>\n<tr>\n<td>Re\u017eanj operacija \u2013 jedan zub<\/td>\n<td>100.00<\/td>\n<\/tr>\n<tr>\n<td>Sinus lift<\/td>\n<td>1200.00<\/td>\n<\/tr>\n<tr>\n<td>Ko\u0161tana augmentacija po alveoli<\/td>\n<td>200.00<\/td>\n<\/tr>\n<tr>\n<td>Ugradnja implantata<\/td>\n<td>1200.00<\/td>\n<\/tr>\n<tr>\n<td>Cistektomija<\/td>\n<td>200.00<\/td>\n<\/tr>\n<\/tbody>\n<\/table>\n<p>[\/et_pb_tab][\/et_pb_tabs][\/et_pb_column][\/et_pb_row][\/et_pb_section]<\/p>\n","protected":false},"excerpt":{"rendered":"<p>Stomatolo\u0161ki pregled BAM 30.00 Pregled specijaliste stomatologije BAM 60.00 RTG snimak BAM 15.00 Specialisti\u010dki pregled sa analizom RTG snimka i pisani nalaz BAM 75.00 Specialisti\u010dki pregled sa analizom 3D snimka i pisani nalaz BAM 75.00 Prva pomoc BAM 35.00 Lokalna anestezija BAM 10.00 Jednopovr\u0161inska plomba BAM 50.00 Dvopovr\u0161inska plomba BAM 60.00 Vi\u0161epovr\u0161inska plomba BAM 70.00 [&hellip;]<\/p>\n","protected":false},"author":1,"featured_media":0,"parent":0,"menu_order":0,"comment_status":"closed","ping_status":"closed","template":"","meta":{"_et_pb_use_builder":"on","_et_pb_old_content":"","_et_gb_content_width":"","footnotes":""},"class_list":["post-7830","page","type-page","status-publish","hentry"],"yoast_head":"<!-- This site is optimized with the Yoast SEO plugin v27.2 - https:\/\/yoast.com\/product\/yoast-seo-wordpress\/ -->\n<title>Cjenovnik stomatolo\u0161kih usluga | Glow Dent | Zubar Banja Luka<\/title>\n<meta name=\"description\" content=\"Pregledajte cjenovnik stomatolo\u0161kih usluga u ordinaciji Glow Dent u Banja Luci. Nudimo kvalitetne usluge po pristupa\u010dnim cijenama!\" \/>\n<meta name=\"robots\" content=\"index, follow, max-snippet:-1, max-image-preview:large, max-video-preview:-1\" \/>\n<link rel=\"canonical\" href=\"https:\/\/glowdent.ba\/en\/cjenovnik\/\" \/>\n<meta property=\"og:locale\" content=\"en_US\" \/>\n<meta property=\"og:type\" content=\"article\" \/>\n<meta property=\"og:title\" content=\"Cjenovnik stomatolo\u0161kih usluga | Glow Dent | Zubar Banja Luka\" \/>\n<meta property=\"og:description\" content=\"Pregledajte cjenovnik stomatolo\u0161kih usluga u ordinaciji Glow Dent u Banja Luci. Nudimo kvalitetne usluge po pristupa\u010dnim cijenama!\" \/>\n<meta property=\"og:url\" content=\"https:\/\/glowdent.ba\/en\/cjenovnik\/\" \/>\n<meta property=\"og:site_name\" content=\"Glow Dent\" \/>\n<meta property=\"article:modified_time\" content=\"2026-04-01T18:18:15+00:00\" \/>\n<meta property=\"og:image\" content=\"https:\/\/glowdent.ba\/wp-content\/uploads\/2024\/12\/Black-logo-no-background.png\" \/>\n\t<meta property=\"og:image:width\" content=\"3163\" \/>\n\t<meta property=\"og:image:height\" content=\"1466\" \/>\n\t<meta property=\"og:image:type\" content=\"image\/png\" \/>\n<meta name=\"twitter:card\" content=\"summary_large_image\" \/>\n<meta name=\"twitter:label1\" content=\"Est. reading time\" \/>\n\t<meta name=\"twitter:data1\" content=\"3 minutes\" \/>\n<script type=\"application\/ld+json\" class=\"yoast-schema-graph\">{\"@context\":\"https:\/\/schema.org\",\"@graph\":[{\"@type\":\"WebPage\",\"@id\":\"https:\/\/glowdent.ba\/cjenovnik\/\",\"url\":\"https:\/\/glowdent.ba\/cjenovnik\/\",\"name\":\"Cjenovnik stomatolo\u0161kih usluga | Glow Dent | Zubar Banja Luka\",\"isPartOf\":{\"@id\":\"https:\/\/glowdent.ba\/#website\"},\"datePublished\":\"2026-03-30T15:04:09+00:00\",\"dateModified\":\"2026-04-01T18:18:15+00:00\",\"description\":\"Pregledajte cjenovnik stomatolo\u0161kih usluga u ordinaciji Glow Dent u Banja Luci. Nudimo kvalitetne usluge po pristupa\u010dnim cijenama!\",\"breadcrumb\":{\"@id\":\"https:\/\/glowdent.ba\/cjenovnik\/#breadcrumb\"},\"inLanguage\":\"en-US\",\"potentialAction\":[{\"@type\":\"ReadAction\",\"target\":[\"https:\/\/glowdent.ba\/cjenovnik\/\"]}]},{\"@type\":\"BreadcrumbList\",\"@id\":\"https:\/\/glowdent.ba\/cjenovnik\/#breadcrumb\",\"itemListElement\":[{\"@type\":\"ListItem\",\"position\":1,\"name\":\"Home\",\"item\":\"https:\/\/glowdent.ba\/\"},{\"@type\":\"ListItem\",\"position\":2,\"name\":\"Cjenovnik\"}]},{\"@type\":\"WebSite\",\"@id\":\"https:\/\/glowdent.ba\/#website\",\"url\":\"https:\/\/glowdent.ba\/\",\"name\":\"Glow Dent\",\"description\":\"\",\"publisher\":{\"@id\":\"https:\/\/glowdent.ba\/#organization\"},\"potentialAction\":[{\"@type\":\"SearchAction\",\"target\":{\"@type\":\"EntryPoint\",\"urlTemplate\":\"https:\/\/glowdent.ba\/?s={search_term_string}\"},\"query-input\":{\"@type\":\"PropertyValueSpecification\",\"valueRequired\":true,\"valueName\":\"search_term_string\"}}],\"inLanguage\":\"en-US\"},{\"@type\":\"Organization\",\"@id\":\"https:\/\/glowdent.ba\/#organization\",\"name\":\"Glow Dent\",\"url\":\"https:\/\/glowdent.ba\/\",\"logo\":{\"@type\":\"ImageObject\",\"inLanguage\":\"en-US\",\"@id\":\"https:\/\/glowdent.ba\/#\/schema\/logo\/image\/\",\"url\":\"https:\/\/glowdent.ba\/wp-content\/uploads\/2024\/12\/Black-logo-no-background.png\",\"contentUrl\":\"https:\/\/glowdent.ba\/wp-content\/uploads\/2024\/12\/Black-logo-no-background.png\",\"width\":3163,\"height\":1466,\"caption\":\"Glow Dent\"},\"image\":{\"@id\":\"https:\/\/glowdent.ba\/#\/schema\/logo\/image\/\"}}]}<\/script>\n<!-- \/ Yoast SEO plugin. -->","yoast_head_json":{"title":"Cjenovnik stomatolo\u0161kih usluga | Glow Dent | Zubar Banja Luka","description":"Pregledajte cjenovnik stomatolo\u0161kih usluga u ordinaciji Glow Dent u Banja Luci. Nudimo kvalitetne usluge po pristupa\u010dnim cijenama!","robots":{"index":"index","follow":"follow","max-snippet":"max-snippet:-1","max-image-preview":"max-image-preview:large","max-video-preview":"max-video-preview:-1"},"canonical":"https:\/\/glowdent.ba\/en\/cjenovnik\/","og_locale":"en_US","og_type":"article","og_title":"Cjenovnik stomatolo\u0161kih usluga | Glow Dent | Zubar Banja Luka","og_description":"Pregledajte cjenovnik stomatolo\u0161kih usluga u ordinaciji Glow Dent u Banja Luci. Nudimo kvalitetne usluge po pristupa\u010dnim cijenama!","og_url":"https:\/\/glowdent.ba\/en\/cjenovnik\/","og_site_name":"Glow Dent","article_modified_time":"2026-04-01T18:18:15+00:00","og_image":[{"width":3163,"height":1466,"url":"https:\/\/glowdent.ba\/wp-content\/uploads\/2024\/12\/Black-logo-no-background.png","type":"image\/png"}],"twitter_card":"summary_large_image","twitter_misc":{"Est. reading time":"3 minutes"},"schema":{"@context":"https:\/\/schema.org","@graph":[{"@type":"WebPage","@id":"https:\/\/glowdent.ba\/cjenovnik\/","url":"https:\/\/glowdent.ba\/cjenovnik\/","name":"Cjenovnik stomatolo\u0161kih usluga | Glow Dent | Zubar Banja Luka","isPartOf":{"@id":"https:\/\/glowdent.ba\/#website"},"datePublished":"2026-03-30T15:04:09+00:00","dateModified":"2026-04-01T18:18:15+00:00","description":"Pregledajte cjenovnik stomatolo\u0161kih usluga u ordinaciji Glow Dent u Banja Luci. Nudimo kvalitetne usluge po pristupa\u010dnim cijenama!","breadcrumb":{"@id":"https:\/\/glowdent.ba\/cjenovnik\/#breadcrumb"},"inLanguage":"en-US","potentialAction":[{"@type":"ReadAction","target":["https:\/\/glowdent.ba\/cjenovnik\/"]}]},{"@type":"BreadcrumbList","@id":"https:\/\/glowdent.ba\/cjenovnik\/#breadcrumb","itemListElement":[{"@type":"ListItem","position":1,"name":"Home","item":"https:\/\/glowdent.ba\/"},{"@type":"ListItem","position":2,"name":"Cjenovnik"}]},{"@type":"WebSite","@id":"https:\/\/glowdent.ba\/#website","url":"https:\/\/glowdent.ba\/","name":"Glow Dent","description":"","publisher":{"@id":"https:\/\/glowdent.ba\/#organization"},"potentialAction":[{"@type":"SearchAction","target":{"@type":"EntryPoint","urlTemplate":"https:\/\/glowdent.ba\/?s={search_term_string}"},"query-input":{"@type":"PropertyValueSpecification","valueRequired":true,"valueName":"search_term_string"}}],"inLanguage":"en-US"},{"@type":"Organization","@id":"https:\/\/glowdent.ba\/#organization","name":"Glow Dent","url":"https:\/\/glowdent.ba\/","logo":{"@type":"ImageObject","inLanguage":"en-US","@id":"https:\/\/glowdent.ba\/#\/schema\/logo\/image\/","url":"https:\/\/glowdent.ba\/wp-content\/uploads\/2024\/12\/Black-logo-no-background.png","contentUrl":"https:\/\/glowdent.ba\/wp-content\/uploads\/2024\/12\/Black-logo-no-background.png","width":3163,"height":1466,"caption":"Glow Dent"},"image":{"@id":"https:\/\/glowdent.ba\/#\/schema\/logo\/image\/"}}]}},"_links":{"self":[{"href":"https:\/\/glowdent.ba\/en\/wp-json\/wp\/v2\/pages\/7830","targetHints":{"allow":["GET"]}}],"collection":[{"href":"https:\/\/glowdent.ba\/en\/wp-json\/wp\/v2\/pages"}],"about":[{"href":"https:\/\/glowdent.ba\/en\/wp-json\/wp\/v2\/types\/page"}],"author":[{"embeddable":true,"href":"https:\/\/glowdent.ba\/en\/wp-json\/wp\/v2\/users\/1"}],"replies":[{"embeddable":true,"href":"https:\/\/glowdent.ba\/en\/wp-json\/wp\/v2\/comments?post=7830"}],"version-history":[{"count":14,"href":"https:\/\/glowdent.ba\/en\/wp-json\/wp\/v2\/pages\/7830\/revisions"}],"predecessor-version":[{"id":7872,"href":"https:\/\/glowdent.ba\/en\/wp-json\/wp\/v2\/pages\/7830\/revisions\/7872"}],"wp:attachment":[{"href":"https:\/\/glowdent.ba\/en\/wp-json\/wp\/v2\/media?parent=7830"}],"curies":[{"name":"wp","href":"https:\/\/api.w.org\/{rel}","templated":true}]}}